{"id":81,"date":"2025-01-14T09:48:15","date_gmt":"2025-01-14T09:48:15","guid":{"rendered":"https:\/\/sjcalasanz.es\/?page_id=81"},"modified":"2026-02-18T09:32:55","modified_gmt":"2026-02-18T09:32:55","slug":"81-2","status":"publish","type":"page","link":"https:\/\/sjcalasanz.es\/?page_id=81","title":{"rendered":"ADMISION DEL ALUMNADO"},"content":{"rendered":"\n<figure class=\"wp-block-image alignwide size-full\"><img loading=\"lazy\" decoding=\"async\" width=\"1024\" height=\"168\" src=\"https:\/\/sjcalasanz.es\/wp-content\/uploads\/2025\/01\/logo-adimision.png\" alt=\"\" class=\"wp-image-82\" srcset=\"https:\/\/sjcalasanz.es\/wp-content\/uploads\/2025\/01\/logo-adimision.png 1024w, https:\/\/sjcalasanz.es\/wp-content\/uploads\/2025\/01\/logo-adimision-300x49.png 300w, https:\/\/sjcalasanz.es\/wp-content\/uploads\/2025\/01\/logo-adimision-768x126.png 768w\" sizes=\"auto, (max-width: 1024px) 100vw, 1024px\" \/><\/figure>\n\n\n\n<div class=\"wp-block-group is-layout-constrained wp-block-group-is-layout-constrained\">\n<p>La Consejer\u00eda de Educaci\u00f3n Cultura y Deportes de la Junta de Comunidades de Castilla-La Mancha convoca anualmente el proceso de admisi\u00f3n del alumnado de 2\u00ba ciclo de educaci\u00f3n infantil, educaci\u00f3n primaria, ESO y Bachillerato, en centros docentes p\u00fablicos y privados concertados de \u00e1mbito universitario. Dentro de la convocatoria de admisi\u00f3n del alumnado, se establecen los plazos y la forma de realizar la matr\u00edcula.<\/p>\n\n\n\n<p>En este\u00a0<a href=\"https:\/\/educacion.castillalamancha.es\/admision-de-alumnado\" data-type=\"link\" data-id=\"https:\/\/educacion.castillalamancha.es\/admision-de-alumnado\">enlace\u00a0<\/a>encontrar\u00e1s toda la informaci\u00f3n referente a la admisi\u00f3n en\u00a0Educaci\u00f3n Infantil (Primer y Segundo Ciclo),\u00a0Primaria, Secundaria Obligatoria, Bachillerato, F.P., Ense\u00f1anzas para personas adultas, Ense\u00f1anzas de R\u00e9gimen Especial (Idiomas, M\u00fasica y Danza,\u00a0C.F. de Artes Pl\u00e1sticas y Dise\u00f1o) y Ense\u00f1anzas Art\u00edsticas Superiores de Grado.\u2003<\/p>\n<\/div>\n\n\n\n<p><\/p>\n","protected":false},"excerpt":{"rendered":"<p>La Consejer\u00eda de Educaci\u00f3n Cultura y Deportes de la Junta de Comunidades de Castilla-La Mancha convoca anualmente el proceso de [&hellip;]<\/p>\n","protected":false},"author":1,"featured_media":0,"parent":0,"menu_order":0,"comment_status":"closed","ping_status":"closed","template":"","meta":{"site-sidebar-layout":"default","site-content-layout":"","ast-site-content-layout":"","site-content-style":"default","site-sidebar-style":"default","ast-global-header-display":"","ast-banner-title-visibility":"","ast-main-header-display":"","ast-hfb-above-header-display":"","ast-hfb-below-header-display":"","ast-hfb-mobile-header-display":"","site-post-title":"disabled","ast-breadcrumbs-content":"","ast-featured-img":"","footer-sml-layout":"","theme-transparent-header-meta":"","adv-header-id-meta":"","stick-header-meta":"","header-above-stick-meta":"","header-main-stick-meta":"","header-below-stick-meta":"","astra-migrate-meta-layouts":"default","ast-page-background-enabled":"default","ast-page-background-meta":{"desktop":{"background-color":"var(--ast-global-color-5)","background-image":"","background-repeat":"repeat","background-position":"center center","background-size":"auto","background-attachment":"scroll","background-type":"","background-media":"","overlay-type":"","overlay-color":"","overlay-opacity":"","overlay-gradient":""},"tablet":{"background-color":"","background-image":"","background-repeat":"repeat","background-position":"center center","background-size":"auto","background-attachment":"scroll","background-type":"","background-media":"","overlay-type":"","overlay-color":"","overlay-opacity":"","overlay-gradient":""},"mobile":{"background-color":"","background-image":"","background-repeat":"repeat","background-position":"center center","background-size":"auto","background-attachment":"scroll","background-type":"","background-media":"","overlay-type":"","overlay-color":"","overlay-opacity":"","overlay-gradient":""}},"ast-content-background-meta":{"desktop":{"background-color":"var(--ast-global-color-4)","background-image":"","background-repeat":"repeat","background-position":"center center","background-size":"auto","background-attachment":"scroll","background-type":"","background-media":"","overlay-type":"","overlay-color":"","overlay-opacity":"","overlay-gradient":""},"tablet":{"background-color":"var(--ast-global-color-4)","background-image":"","background-repeat":"repeat","background-position":"center center","background-size":"auto","background-attachment":"scroll","background-type":"","background-media":"","overlay-type":"","overlay-color":"","overlay-opacity":"","overlay-gradient":""},"mobile":{"background-color":"var(--ast-global-color-4)","background-image":"","background-repeat":"repeat","background-position":"center center","background-size":"auto","background-attachment":"scroll","background-type":"","background-media":"","overlay-type":"","overlay-color":"","overlay-opacity":"","overlay-gradient":""}},"footnotes":""},"class_list":["post-81","page","type-page","status-publish","hentry"],"_links":{"self":[{"href":"https:\/\/sjcalasanz.es\/index.php?rest_route=\/wp\/v2\/pages\/81","targetHints":{"allow":["GET"]}}],"collection":[{"href":"https:\/\/sjcalasanz.es\/index.php?rest_route=\/wp\/v2\/pages"}],"about":[{"href":"https:\/\/sjcalasanz.es\/index.php?rest_route=\/wp\/v2\/types\/page"}],"author":[{"embeddable":true,"href":"https:\/\/sjcalasanz.es\/index.php?rest_route=\/wp\/v2\/users\/1"}],"replies":[{"embeddable":true,"href":"https:\/\/sjcalasanz.es\/index.php?rest_route=%2Fwp%2Fv2%2Fcomments&post=81"}],"version-history":[{"count":4,"href":"https:\/\/sjcalasanz.es\/index.php?rest_route=\/wp\/v2\/pages\/81\/revisions"}],"predecessor-version":[{"id":598,"href":"https:\/\/sjcalasanz.es\/index.php?rest_route=\/wp\/v2\/pages\/81\/revisions\/598"}],"wp:attachment":[{"href":"https:\/\/sjcalasanz.es\/index.php?rest_route=%2Fwp%2Fv2%2Fmedia&parent=81"}],"curies":[{"name":"wp","href":"https:\/\/api.w.org\/{rel}","templated":true}]}}